{"id":84,"date":"2015-03-27T16:28:43","date_gmt":"2015-03-27T20:28:43","guid":{"rendered":"http:\/\/dev.communitylivingnorthbay.org\/?page_id=84"},"modified":"2015-03-27T16:28:43","modified_gmt":"2015-03-27T20:28:43","slug":"our-partners","status":"publish","type":"page","link":"https:\/\/communitylivingnorthbay.org\/fr\/contact-us\/our-partners\/","title":{"rendered":"Our Partners"},"content":{"rendered":"<p style=\"text-align: justify\">This page provides links to some of our many community partners. As web servers and home pages are constantly changing, this list is reviewed regularly. If you find any broken links, please let us know and we\u2019ll correct them right away.<\/p>\n<h2>Community Partners<\/h2>\n<ul>\n<li style=\"text-align: justify\"><a title=\"Access2 Card\/La carte Acc\u00e8s au divertissement pour 2\" href=\"http:\/\/www.access2card.ca\/\" target=\"_blank\" rel=\"noopener noreferrer\">Access 2 Card<\/a><br \/>\nThe Access 2 Card provides persons with a disability a personalized card printed with their name and the card\u2019s expiry date. When going to their attraction of choice, they simply need to present the card along with a piece of ID (not required for cardholders who are\u00a0minors), and their attendant will receive a free ticket. The Access 2\u00a0card is accepted at entertainment venues across Canada.<\/li>\n<li style=\"text-align: justify\"><a title=\"Aktion Club\" href=\"http:\/\/www.aktionclub.org\/Home.aspx\" target=\"_blank\" rel=\"noopener noreferrer\">Aktion Club<\/a><br \/>\nAn Aktion Club is a community-service group for adults living with disabilities. The mission of Aktion Club is to provide adults living with disabilities an opportunity to develop initiative and leadership, to serve their community, to be included in society, and to demonstrate the dignity and value of citizens living with disabilities.<\/li>\n<li style=\"text-align: justify\"><a title=\"Autism Ontario - North Bay &amp; Area Autism Ontario\" href=\"http:\/\/www.autismontario.com\/northbay\" target=\"_blank\" rel=\"noopener noreferrer\">Autism Ontario &#8211; North Bay &amp; Area Autism Ontario<\/a><br \/>\n(incorporated as Autism Society Ontario) is the leading source of information and referral on Autism Spectum Disorders (ASD) and one of the largest collective voices representing the autism community. Members are connected through a volunteer network of chapters across the province of Ontario.<\/li>\n<li style=\"text-align: justify\"><a title=\"Best Buddies\/Vrais Copains\" href=\"http:\/\/www.bestbuddies.ca\/\" target=\"_blank\" rel=\"noopener noreferrer\">Best Buddies\/Vrais Copains<\/a><br \/>\nBest Buddies Canada is a non-profit organization dedicated to enhancing our communities through one-to-one friendships between individuals with intellectual disabilities and students.<\/li>\n<li style=\"text-align: justify\"><a title=\"Buchwald Services Consulting\" href=\"http:\/\/www.bscsolutions.ca\/\" target=\"_blank\" rel=\"noopener noreferrer\">Buchwald Services Consulting<\/a><br \/>\nHome of AIMS\u00ae \u2013 Alliance Information Management System. Developed by &#8220;people supporting people with disabilities\u201d, AIMS\u00ae breaks new ground by developing a reporting and statistical tool that can answer whether a person\u2019s goals and dreams are being met. AIMS is officially endorsed as a Quality Management System by both CQL\u00ae Canada and Community Living North Bay!<\/li>\n<li style=\"text-align: justify\"><a title=\"Children\u2019s Aid Society \u2013 Nipissing and Parry Sound\" href=\"http:\/\/www.parnipcas.org\/\" target=\"_blank\" rel=\"noopener noreferrer\">Children\u2019s Aid Society \u2013 Nipissing and Parry Sound<\/a><br \/>\nThe Children&#8217;s Aid Society of the Districts of Nipissing and Parry Sound is committed to promoting the well-being, and protection of children and youth and to advocating for their fundamental entitlements.<\/li>\n<li style=\"text-align: justify\"><a title=\"Click for Success\" href=\"http:\/\/www.clickforsuccess.ca\/\" target=\"_blank\" rel=\"noopener noreferrer\">Click for Success<\/a><br \/>\nThis website is a portal developed to assist in searching key services, supports and resources in the area of community mental health and well-being of school-aged children and youth in the Districts of Nipissing, Parry Sound and Muskoka.<\/li>\n<li style=\"text-align: justify\"><a title=\"Community Living Ontario\/Int\u00e9gration communautaire Ontario\" href=\"http:\/\/www.communitylivingontario.ca\/\" target=\"_blank\" rel=\"noopener noreferrer\">Community Living Ontario<\/a><br \/>\nCommunity Living Ontario is a non-profit, provincial association that advocates for people who have an intellectual disability to be fully included in all aspects of community life.<\/li>\n<li style=\"text-align: justify\"><a title=\"Hands - The Family Help Network \/ Mains - Le Reseau D'Aide Aux Familles\" href=\"http:\/\/www.thefamilyhelpnetwork.ca\/en\/home\" target=\"_blank\" rel=\"noopener noreferrer\">Hands &#8211; The Family Help Network.ca<br \/>\n<\/a>Hands &#8211; The Family Help Network.ca is an accredited organization dedicated to improving the life experiences of families, children, youth, and developmentally challenged adults who need support and guidance.\u00a0Through our services in mental health, autism, developmental disabilities, and the pre-natal to six years, Hands serves more than 9000 families across Parry Sound, Nipissing, Muskoka, North Bay and Northern Ontario.<\/li>\n<li style=\"text-align: justify\"><a href=\"http:\/\/www.community-networks.ca\/\">The Community Networks of Specialized Care (CNSC)<\/a><br \/>\nThe Community Networks of Specialized Care (CNSC) are a way of linking specialized services and professionals to pool their expertise to treat and support adults who have developmental disabilities and mental health needs and\/or challenging behaviours (ie. dual diagnosis) in the communities where they live. The Networks bring together people from a variety of sectors including developmental services, health, research, education and justice in a common goal of improving the coordination, access and quality of services for these individuals who have complex needs.<\/li>\n<li style=\"text-align: justify\"><a title=\"OASIS - Ontario Agencies Supporting Individuals with Special Needs\" href=\"http:\/\/www.oasisonline.ca\/\" target=\"_blank\" rel=\"noopener noreferrer\">OASIS &#8211; Ontario Agencies Supporting Individuals with Special Needs<\/a><br \/>\nOASIS provides leadership through sharing ideas, information and knowledge, and interacts with government and other organizations on issues affecting its members.<\/li>\n<li style=\"text-align: justify\"><a title=\"Respite Services\" href=\"http:\/\/www.respiteservices.com\/\" target=\"_blank\" rel=\"noopener noreferrer\">RespiteService.com<\/a><br \/>\nRespiteservices.com assists families of individuals with disabilities to connect with respite options both in and out of home through a Family Registry and a Respite Contractor Database.<\/li>\n<li style=\"text-align: justify\"><a title=\"The Canadian Association for Community Living\" href=\"http:\/\/www.cacl.ca\/\" target=\"_blank\" rel=\"noopener noreferrer\">The Canadian Association for Community Living<br \/>\n<\/a>The Canadian Association for Community Living is a family-based association assisting people with intellectual disabilities and their families to lead the way in advancing inclusion in their own lives and in their communities. \u00a0We do this in Canada and around the world by sharing information, fostering leadership for inclusion, engaging community leaders and policy makers, seeding innovation and supporting research. \u00a0We are dedicated to attaining full participation in community life, ending exclusion and discrimination on the basis of intellectual disability, promoting respect for diversity and advancing human rights to ensure equality for all Canadians.<\/li>\n<li style=\"text-align: justify\"><a title=\"The Community Counselling Centre of Nipissing\" href=\"http:\/\/www.cccnip.com\/\" target=\"_blank\" rel=\"noopener noreferrer\">The Community Counselling Centre of Nipissing<\/a><br \/>\nCommunity Counselling Centre is a fully accredited, non-profit organization providing professional counselling services and community programs to individuals, couples, and families. The Centre also has public education and consulting services available to community organizations and industry.\u00a0Our mission is to support the health and wellness of the people of Nipissing and area.<\/li>\n<\/ul>\n<h2>Government Links<\/h2>\n<ul>\n<li style=\"text-align: justify\"><a title=\"Ministry of Children and Youth Services' Student Nutrition Program\" href=\"http:\/\/www.children.gov.on.ca\/htdocs\/English\/topics\/schoolsnacks\/index.aspx\" target=\"_blank\" rel=\"noopener noreferrer\">Ministry of Children and Youth Services&#8217; Student Nutrition Program<\/a><br \/>\nNutritious food helps kids learn. Ontario\u2019s Student Nutrition Program responds to that need. By providing healthy breakfasts, snacks, and lunches at many of our schools, kids are better able to concentrate, and get the most out of \u2013 and put the most into \u2013 their school day. The program is made possible through volunteers and community partnerships.<\/li>\n<li style=\"text-align: justify\"><a title=\"Ministry of Children and Youth Services\/Minist\u00e8re des services \u00e0 l'enfance et \u00e0 la jeunesse \" href=\"http:\/\/www.children.gov.on.ca\/\" target=\"_blank\" rel=\"noopener noreferrer\">Ministry of Children and Youth Services\/Minist\u00e8re des services \u00e0 l&#8217;enfance et \u00e0 la jeunesse <\/a><br \/>\nThe ministry is working with other ministries and community partners to develop and implement policies, programs and a service system that helps give children the best possible start in life, prepare youth to become productive adults and make it easier for families to access the services they need at all stages of a child&#8217;s development.<\/li>\n<li style=\"text-align: justify\"><a title=\"Ministry of Community and Social Services\/Minist\u00e8re des services sociaux et communautaires\" href=\"http:\/\/www.mcss.gov.on.ca\/en\/mcss\/index.aspx\" target=\"_blank\" rel=\"noopener noreferrer\">Ministry of Community and Social Services\/Minist\u00e8re des services sociaux et communautaires<\/a><br \/>\nThrough its programs and services, the Ministry of Community and Social Services: helps adults with a developmental disability live, work and participate in a range of community activities; enforces support orders issued by the courts so that families get the money to which they are entitled; promotes accessibility and works to break down barriers that prevent people with disabilities from fully participating in the social and economic life of Ontario, and helps Ontarians recover from hardship and regain control of their lives.<\/li>\n<li style=\"text-align: justify\"><a title=\"Registered Disability Savings Plan\" href=\"http:\/\/www.cra-arc.gc.ca\/tx\/ndvdls\/tpcs\/rdsp-reei\/menu-eng.html\" target=\"_blank\" rel=\"noopener noreferrer\">Registered Disability Savings Plan<\/a><br \/>\nA registered disability savings plan (RDSP) is a savings plan that is intended to help parents and others save for the long-term financial security of a person who is eligible for the Disability Tax Credit.<\/li>\n<li style=\"text-align: justify\"><a title=\"Developmental Services Ontario (DSO)\" href=\"http:\/\/www.dsontario.ca\/agencies\/dso-northeast\" target=\"_blank\" rel=\"noopener noreferrer\">Developmental Services Ontario (DSO)<\/a><br \/>\nDevelopmental Services Ontario helps adults with developmental disabilities connect to services and supports in their communities.\u00a0This is where people with developmental disabilities and their caregivers can learn about developmental services and supports.<\/li>\n<\/ul>\n","protected":false},"excerpt":{"rendered":"<p>This page provides links to some of our many community partners. As web servers and home pages are constantly changing, this list is reviewed regularly. If you find any broken links, please let us know<\/p>\n","protected":false},"author":1,"featured_media":0,"parent":5989,"menu_order":2,"comment_status":"open","ping_status":"open","template":"","meta":{"_acf_changed":false,"footnotes":""},"class_list":["post-84","page","type-page","status-publish","hentry"],"acf":[],"yoast_head":"<!-- This site is optimized with the Yoast SEO plugin v27.5 - https:\/\/yoast.com\/product\/yoast-seo-wordpress\/ -->\n<title>Our Partners - l\u2019Int\u00e9gration communautaire North Bay<\/title>\n<meta name=\"robots\" content=\"index, follow, max-snippet:-1, max-image-preview:large, max-video-preview:-1\" \/>\n<link rel=\"canonical\" href=\"https:\/\/communitylivingnorthbay.org\/fr\/contact-us\/our-partners\/\" \/>\n<meta property=\"og:locale\" content=\"en_US\" \/>\n<meta property=\"og:type\" content=\"article\" \/>\n<meta property=\"og:title\" content=\"Our Partners - l\u2019Int\u00e9gration communautaire North Bay\" \/>\n<meta property=\"og:description\" content=\"This page provides links to some of our many community partners. As web servers and home pages are constantly changing, this list is reviewed regularly. If you find any broken links, please let us know\" \/>\n<meta property=\"og:url\" content=\"https:\/\/communitylivingnorthbay.org\/fr\/contact-us\/our-partners\/\" \/>\n<meta property=\"og:site_name\" content=\"l\u2019Int\u00e9gration communautaire North Bay\" \/>\n<meta property=\"article:publisher\" content=\"https:\/\/www.facebook.com\/CLNorthBay\/\" \/>\n<meta name=\"twitter:card\" content=\"summary_large_image\" \/>\n<meta name=\"twitter:site\" content=\"@CLNorthBay\" \/>\n<meta name=\"twitter:label1\" content=\"Est. reading time\" \/>\n\t<meta name=\"twitter:data1\" content=\"5 minutes\" \/>\n<script type=\"application\/ld+json\" class=\"yoast-schema-graph\">{\"@context\":\"https:\\\/\\\/schema.org\",\"@graph\":[{\"@type\":\"WebPage\",\"@id\":\"https:\\\/\\\/communitylivingnorthbay.org\\\/fr\\\/contact-us\\\/our-partners\\\/\",\"url\":\"https:\\\/\\\/communitylivingnorthbay.org\\\/fr\\\/contact-us\\\/our-partners\\\/\",\"name\":\"Our Partners - l\u2019Int\u00e9gration communautaire North Bay\",\"isPartOf\":{\"@id\":\"https:\\\/\\\/communitylivingnorthbay.org\\\/fr\\\/#website\"},\"datePublished\":\"2015-03-27T20:28:43+00:00\",\"breadcrumb\":{\"@id\":\"https:\\\/\\\/communitylivingnorthbay.org\\\/fr\\\/contact-us\\\/our-partners\\\/#breadcrumb\"},\"inLanguage\":\"en-CA\",\"potentialAction\":[{\"@type\":\"ReadAction\",\"target\":[\"https:\\\/\\\/communitylivingnorthbay.org\\\/fr\\\/contact-us\\\/our-partners\\\/\"]}]},{\"@type\":\"BreadcrumbList\",\"@id\":\"https:\\\/\\\/communitylivingnorthbay.org\\\/fr\\\/contact-us\\\/our-partners\\\/#breadcrumb\",\"itemListElement\":[{\"@type\":\"ListItem\",\"position\":1,\"name\":\"Home\",\"item\":\"https:\\\/\\\/communitylivingnorthbay.org\\\/fr\\\/\"},{\"@type\":\"ListItem\",\"position\":2,\"name\":\"Contact Us\",\"item\":\"https:\\\/\\\/communitylivingnorthbay.org\\\/fr\\\/contact-us\\\/\"},{\"@type\":\"ListItem\",\"position\":3,\"name\":\"Our Partners\"}]},{\"@type\":\"WebSite\",\"@id\":\"https:\\\/\\\/communitylivingnorthbay.org\\\/fr\\\/#website\",\"url\":\"https:\\\/\\\/communitylivingnorthbay.org\\\/fr\\\/\",\"name\":\"l\u2019Int\u00e9gration communautaire North Bay\",\"description\":\"Nous offrons une gamme de programmes et de services aux personnes ayant une d\u00e9ficience intellectuelle et \u00e0 leurs familles.\",\"potentialAction\":[{\"@type\":\"SearchAction\",\"target\":{\"@type\":\"EntryPoint\",\"urlTemplate\":\"https:\\\/\\\/communitylivingnorthbay.org\\\/fr\\\/?s={search_term_string}\"},\"query-input\":{\"@type\":\"PropertyValueSpecification\",\"valueRequired\":true,\"valueName\":\"search_term_string\"}}],\"inLanguage\":\"en-CA\"}]}<\/script>\n<!-- \/ Yoast SEO plugin. -->","yoast_head_json":{"title":"Our Partners - l\u2019Int\u00e9gration communautaire North Bay","robots":{"index":"index","follow":"follow","max-snippet":"max-snippet:-1","max-image-preview":"max-image-preview:large","max-video-preview":"max-video-preview:-1"},"canonical":"https:\/\/communitylivingnorthbay.org\/fr\/contact-us\/our-partners\/","og_locale":"en_US","og_type":"article","og_title":"Our Partners - l\u2019Int\u00e9gration communautaire North Bay","og_description":"This page provides links to some of our many community partners. As web servers and home pages are constantly changing, this list is reviewed regularly. If you find any broken links, please let us know","og_url":"https:\/\/communitylivingnorthbay.org\/fr\/contact-us\/our-partners\/","og_site_name":"l\u2019Int\u00e9gration communautaire North Bay","article_publisher":"https:\/\/www.facebook.com\/CLNorthBay\/","twitter_card":"summary_large_image","twitter_site":"@CLNorthBay","twitter_misc":{"Est. reading time":"5 minutes"},"schema":{"@context":"https:\/\/schema.org","@graph":[{"@type":"WebPage","@id":"https:\/\/communitylivingnorthbay.org\/fr\/contact-us\/our-partners\/","url":"https:\/\/communitylivingnorthbay.org\/fr\/contact-us\/our-partners\/","name":"Our Partners - l\u2019Int\u00e9gration communautaire North Bay","isPartOf":{"@id":"https:\/\/communitylivingnorthbay.org\/fr\/#website"},"datePublished":"2015-03-27T20:28:43+00:00","breadcrumb":{"@id":"https:\/\/communitylivingnorthbay.org\/fr\/contact-us\/our-partners\/#breadcrumb"},"inLanguage":"en-CA","potentialAction":[{"@type":"ReadAction","target":["https:\/\/communitylivingnorthbay.org\/fr\/contact-us\/our-partners\/"]}]},{"@type":"BreadcrumbList","@id":"https:\/\/communitylivingnorthbay.org\/fr\/contact-us\/our-partners\/#breadcrumb","itemListElement":[{"@type":"ListItem","position":1,"name":"Home","item":"https:\/\/communitylivingnorthbay.org\/fr\/"},{"@type":"ListItem","position":2,"name":"Contact Us","item":"https:\/\/communitylivingnorthbay.org\/fr\/contact-us\/"},{"@type":"ListItem","position":3,"name":"Our Partners"}]},{"@type":"WebSite","@id":"https:\/\/communitylivingnorthbay.org\/fr\/#website","url":"https:\/\/communitylivingnorthbay.org\/fr\/","name":"l\u2019Int\u00e9gration communautaire North Bay","description":"Nous offrons une gamme de programmes et de services aux personnes ayant une d\u00e9ficience intellectuelle et \u00e0 leurs familles.","potentialAction":[{"@type":"SearchAction","target":{"@type":"EntryPoint","urlTemplate":"https:\/\/communitylivingnorthbay.org\/fr\/?s={search_term_string}"},"query-input":{"@type":"PropertyValueSpecification","valueRequired":true,"valueName":"search_term_string"}}],"inLanguage":"en-CA"}]}},"_links":{"self":[{"href":"https:\/\/communitylivingnorthbay.org\/fr\/wp-json\/wp\/v2\/pages\/84","targetHints":{"allow":["GET"]}}],"collection":[{"href":"https:\/\/communitylivingnorthbay.org\/fr\/wp-json\/wp\/v2\/pages"}],"about":[{"href":"https:\/\/communitylivingnorthbay.org\/fr\/wp-json\/wp\/v2\/types\/page"}],"author":[{"embeddable":true,"href":"https:\/\/communitylivingnorthbay.org\/fr\/wp-json\/wp\/v2\/users\/1"}],"replies":[{"embeddable":true,"href":"https:\/\/communitylivingnorthbay.org\/fr\/wp-json\/wp\/v2\/comments?post=84"}],"version-history":[{"count":0,"href":"https:\/\/communitylivingnorthbay.org\/fr\/wp-json\/wp\/v2\/pages\/84\/revisions"}],"up":[{"embeddable":true,"href":"https:\/\/communitylivingnorthbay.org\/fr\/wp-json\/wp\/v2\/pages\/5989"}],"wp:attachment":[{"href":"https:\/\/communitylivingnorthbay.org\/fr\/wp-json\/wp\/v2\/media?parent=84"}],"curies":[{"name":"wp","href":"https:\/\/api.w.org\/{rel}","templated":true}]}}