{"id":767,"date":"2015-05-26T13:37:35","date_gmt":"2015-05-26T17:37:35","guid":{"rendered":"http:\/\/dev.communitylivingnorthbay.org\/?page_id=767"},"modified":"2022-01-04T10:32:25","modified_gmt":"2022-01-04T15:32:25","slug":"assemblee-generale-annuelle","status":"publish","type":"page","link":"https:\/\/communitylivingnorthbay.org\/fr\/assemblee-generale-annuelle\/","title":{"rendered":"Assembl\u00e9e g\u00e9n\u00e9rale annuelle"},"content":{"rendered":"<p><a href=\"http:\/\/communitylivingnorthbay.org\/fr\/wp-content\/uploads\/sites\/2\/2018\/06\/Bylaws-June-2018.pdf\" target=\"_blank\" rel=\"noopener noreferrer\">Bylaws &#8211; June 2018 (carried)<\/a><\/p>\n<p><a href=\"http:\/\/communitylivingnorthbay.org\/fr\/wp-content\/uploads\/sites\/2\/2019\/06\/June-2018-carried.pdf\" target=\"_blank\" rel=\"noopener noreferrer\">AGM Minutes \u2013 June 2018 (carried)<\/a><\/p>\n<p><a href=\"http:\/\/communitylivingnorthbay.org\/fr\/wp-content\/uploads\/sites\/2\/2019\/06\/20190331-GAAP-FS-Final.pdf\" target=\"_blank\" rel=\"noopener noreferrer\">Community Living North Bay Financial Statements (For the year ended March 31, 2019)<\/a><\/p>\n<p><a href=\"http:\/\/communitylivingnorthbay.org\/fr\/wp-content\/uploads\/sites\/2\/2019\/06\/For-Website.pdf\" target=\"_blank\" rel=\"noopener noreferrer\">2018-2019 Annual Report<\/a><\/p>\n<p>&nbsp;<\/p>\n<p><a href=\"https:\/\/www.ontario.ca\/page\/broader-public-sector-accountability\">Information on Broader Public Sector accountability<\/a><\/p>\n","protected":false},"excerpt":{"rendered":"<p>Bylaws &#8211; June 2018 (carried) AGM Minutes \u2013 June 2018 (carried) Community Living North Bay Financial Statements (For the year ended March 31, 2019) 2018-2019 Annual Report &nbsp; Information on Broader Public Sector accountability<\/p>\n","protected":false},"author":2,"featured_media":0,"parent":0,"menu_order":0,"comment_status":"open","ping_status":"open","template":"","meta":{"_acf_changed":false,"footnotes":""},"class_list":["post-767","page","type-page","status-publish","hentry"],"acf":[],"yoast_head":"<!-- This site is optimized with the Yoast SEO plugin v27.5 - https:\/\/yoast.com\/product\/yoast-seo-wordpress\/ -->\n<title>Assembl\u00e9e g\u00e9n\u00e9rale annuelle - l\u2019Int\u00e9gration communautaire North Bay<\/title>\n<meta name=\"robots\" content=\"index, follow, max-snippet:-1, max-image-preview:large, max-video-preview:-1\" \/>\n<link rel=\"canonical\" href=\"https:\/\/communitylivingnorthbay.org\/fr\/assemblee-generale-annuelle\/\" \/>\n<meta property=\"og:locale\" content=\"en_US\" \/>\n<meta property=\"og:type\" content=\"article\" \/>\n<meta property=\"og:title\" content=\"Assembl\u00e9e g\u00e9n\u00e9rale annuelle - l\u2019Int\u00e9gration communautaire North Bay\" \/>\n<meta property=\"og:description\" content=\"Bylaws &#8211; June 2018 (carried) AGM Minutes \u2013 June 2018 (carried) Community Living North Bay Financial Statements (For the year ended March 31, 2019) 2018-2019 Annual Report &nbsp; Information on Broader Public Sector accountability\" \/>\n<meta property=\"og:url\" content=\"https:\/\/communitylivingnorthbay.org\/fr\/assemblee-generale-annuelle\/\" \/>\n<meta property=\"og:site_name\" content=\"l\u2019Int\u00e9gration communautaire North Bay\" \/>\n<meta property=\"article:publisher\" content=\"https:\/\/www.facebook.com\/CLNorthBay\/\" \/>\n<meta property=\"article:modified_time\" content=\"2022-01-04T15:32:25+00:00\" \/>\n<meta name=\"twitter:card\" content=\"summary_large_image\" \/>\n<meta name=\"twitter:site\" content=\"@CLNorthBay\" \/>\n<script type=\"application\/ld+json\" class=\"yoast-schema-graph\">{\"@context\":\"https:\\\/\\\/schema.org\",\"@graph\":[{\"@type\":\"WebPage\",\"@id\":\"https:\\\/\\\/communitylivingnorthbay.org\\\/fr\\\/assemblee-generale-annuelle\\\/\",\"url\":\"https:\\\/\\\/communitylivingnorthbay.org\\\/fr\\\/assemblee-generale-annuelle\\\/\",\"name\":\"Assembl\u00e9e g\u00e9n\u00e9rale annuelle - l\u2019Int\u00e9gration communautaire North Bay\",\"isPartOf\":{\"@id\":\"https:\\\/\\\/communitylivingnorthbay.org\\\/fr\\\/#website\"},\"datePublished\":\"2015-05-26T17:37:35+00:00\",\"dateModified\":\"2022-01-04T15:32:25+00:00\",\"breadcrumb\":{\"@id\":\"https:\\\/\\\/communitylivingnorthbay.org\\\/fr\\\/assemblee-generale-annuelle\\\/#breadcrumb\"},\"inLanguage\":\"en-CA\",\"potentialAction\":[{\"@type\":\"ReadAction\",\"target\":[\"https:\\\/\\\/communitylivingnorthbay.org\\\/fr\\\/assemblee-generale-annuelle\\\/\"]}]},{\"@type\":\"BreadcrumbList\",\"@id\":\"https:\\\/\\\/communitylivingnorthbay.org\\\/fr\\\/assemblee-generale-annuelle\\\/#breadcrumb\",\"itemListElement\":[{\"@type\":\"ListItem\",\"position\":1,\"name\":\"Home\",\"item\":\"https:\\\/\\\/communitylivingnorthbay.org\\\/fr\\\/\"},{\"@type\":\"ListItem\",\"position\":2,\"name\":\"Assembl\u00e9e g\u00e9n\u00e9rale annuelle\"}]},{\"@type\":\"WebSite\",\"@id\":\"https:\\\/\\\/communitylivingnorthbay.org\\\/fr\\\/#website\",\"url\":\"https:\\\/\\\/communitylivingnorthbay.org\\\/fr\\\/\",\"name\":\"l\u2019Int\u00e9gration communautaire North Bay\",\"description\":\"Nous offrons une gamme de programmes et de services aux personnes ayant une d\u00e9ficience intellectuelle et \u00e0 leurs familles.\",\"potentialAction\":[{\"@type\":\"SearchAction\",\"target\":{\"@type\":\"EntryPoint\",\"urlTemplate\":\"https:\\\/\\\/communitylivingnorthbay.org\\\/fr\\\/?s={search_term_string}\"},\"query-input\":{\"@type\":\"PropertyValueSpecification\",\"valueRequired\":true,\"valueName\":\"search_term_string\"}}],\"inLanguage\":\"en-CA\"}]}<\/script>\n<!-- \/ Yoast SEO plugin. -->","yoast_head_json":{"title":"Assembl\u00e9e g\u00e9n\u00e9rale annuelle - l\u2019Int\u00e9gration communautaire North Bay","robots":{"index":"index","follow":"follow","max-snippet":"max-snippet:-1","max-image-preview":"max-image-preview:large","max-video-preview":"max-video-preview:-1"},"canonical":"https:\/\/communitylivingnorthbay.org\/fr\/assemblee-generale-annuelle\/","og_locale":"en_US","og_type":"article","og_title":"Assembl\u00e9e g\u00e9n\u00e9rale annuelle - l\u2019Int\u00e9gration communautaire North Bay","og_description":"Bylaws &#8211; June 2018 (carried) AGM Minutes \u2013 June 2018 (carried) Community Living North Bay Financial Statements (For the year ended March 31, 2019) 2018-2019 Annual Report &nbsp; Information on Broader Public Sector accountability","og_url":"https:\/\/communitylivingnorthbay.org\/fr\/assemblee-generale-annuelle\/","og_site_name":"l\u2019Int\u00e9gration communautaire North Bay","article_publisher":"https:\/\/www.facebook.com\/CLNorthBay\/","article_modified_time":"2022-01-04T15:32:25+00:00","twitter_card":"summary_large_image","twitter_site":"@CLNorthBay","schema":{"@context":"https:\/\/schema.org","@graph":[{"@type":"WebPage","@id":"https:\/\/communitylivingnorthbay.org\/fr\/assemblee-generale-annuelle\/","url":"https:\/\/communitylivingnorthbay.org\/fr\/assemblee-generale-annuelle\/","name":"Assembl\u00e9e g\u00e9n\u00e9rale annuelle - l\u2019Int\u00e9gration communautaire North Bay","isPartOf":{"@id":"https:\/\/communitylivingnorthbay.org\/fr\/#website"},"datePublished":"2015-05-26T17:37:35+00:00","dateModified":"2022-01-04T15:32:25+00:00","breadcrumb":{"@id":"https:\/\/communitylivingnorthbay.org\/fr\/assemblee-generale-annuelle\/#breadcrumb"},"inLanguage":"en-CA","potentialAction":[{"@type":"ReadAction","target":["https:\/\/communitylivingnorthbay.org\/fr\/assemblee-generale-annuelle\/"]}]},{"@type":"BreadcrumbList","@id":"https:\/\/communitylivingnorthbay.org\/fr\/assemblee-generale-annuelle\/#breadcrumb","itemListElement":[{"@type":"ListItem","position":1,"name":"Home","item":"https:\/\/communitylivingnorthbay.org\/fr\/"},{"@type":"ListItem","position":2,"name":"Assembl\u00e9e g\u00e9n\u00e9rale annuelle"}]},{"@type":"WebSite","@id":"https:\/\/communitylivingnorthbay.org\/fr\/#website","url":"https:\/\/communitylivingnorthbay.org\/fr\/","name":"l\u2019Int\u00e9gration communautaire North Bay","description":"Nous offrons une gamme de programmes et de services aux personnes ayant une d\u00e9ficience intellectuelle et \u00e0 leurs familles.","potentialAction":[{"@type":"SearchAction","target":{"@type":"EntryPoint","urlTemplate":"https:\/\/communitylivingnorthbay.org\/fr\/?s={search_term_string}"},"query-input":{"@type":"PropertyValueSpecification","valueRequired":true,"valueName":"search_term_string"}}],"inLanguage":"en-CA"}]}},"_links":{"self":[{"href":"https:\/\/communitylivingnorthbay.org\/fr\/wp-json\/wp\/v2\/pages\/767","targetHints":{"allow":["GET"]}}],"collection":[{"href":"https:\/\/communitylivingnorthbay.org\/fr\/wp-json\/wp\/v2\/pages"}],"about":[{"href":"https:\/\/communitylivingnorthbay.org\/fr\/wp-json\/wp\/v2\/types\/page"}],"author":[{"embeddable":true,"href":"https:\/\/communitylivingnorthbay.org\/fr\/wp-json\/wp\/v2\/users\/2"}],"replies":[{"embeddable":true,"href":"https:\/\/communitylivingnorthbay.org\/fr\/wp-json\/wp\/v2\/comments?post=767"}],"version-history":[{"count":7,"href":"https:\/\/communitylivingnorthbay.org\/fr\/wp-json\/wp\/v2\/pages\/767\/revisions"}],"predecessor-version":[{"id":6616,"href":"https:\/\/communitylivingnorthbay.org\/fr\/wp-json\/wp\/v2\/pages\/767\/revisions\/6616"}],"wp:attachment":[{"href":"https:\/\/communitylivingnorthbay.org\/fr\/wp-json\/wp\/v2\/media?parent=767"}],"curies":[{"name":"wp","href":"https:\/\/api.w.org\/{rel}","templated":true}]}}