{"id":5988,"date":"2015-03-27T16:09:08","date_gmt":"2015-03-27T20:09:08","guid":{"rendered":"http:\/\/dev.communitylivingnorthbay.org\/?page_id=36"},"modified":"2019-10-17T09:21:03","modified_gmt":"2019-10-17T13:21:03","slug":"qui-sommes-nous","status":"publish","type":"page","link":"https:\/\/communitylivingnorthbay.org\/fr\/qui-sommes-nous\/","title":{"rendered":"Qui sommes-nous"},"content":{"rendered":"<p style=\"text-align: justify\">Au d\u00e9but des ann\u00e9es 1950, un groupe de parents, qui partageait une vision d&#8217;une meilleure qualit\u00e9 de vie pour leurs enfants avec une d\u00e9ficience intellectuelle, se r\u00e9unissait pour discuter de la fa\u00e7on dont ce r\u00eave pourrait devenir r\u00e9alit\u00e9.  La pr\u00e9occupation majeure des parents \u00e9tait qu\u2019afin de recevoir une \u00e9ducation leurs enfants avec une d\u00e9ficience intellectuelle ont d\u00fb \u00eatre transf\u00e9r\u00e9s \u00e0 des \u00e9tablissements \u00e9loign\u00e9s de leur domicile familial.  Gr\u00e2ce \u00e0 la vision de ces parents, une association qui aura un impact \u00e9norme sur leur communaut\u00e9 a pris forme.<\/p>\n<p style=\"text-align: justify\">En 1954, l&#8217;association des parents a form\u00e9 \u00ab North Bay and District Association for Retarded Children \u00bb, et a commenc\u00e9 \u00e0 procurer des services scolaires \u00e0 huit enfants dans un sous-sol d&#8217;\u00e9glise. Cette m\u00eame ann\u00e9e, ces parents se sont joints \u00e0 l&#8217;Association ontarienne pour les d\u00e9ficients mentaux et ont re\u00e7u leur charte comme organisme \u00e0 but non lucratif. Leur premier projet majeur a \u00e9t\u00e9 l&#8217;\u00e9cole West-Bay-Field (nomm\u00e9 pour les trois r\u00e9gions qui donn\u00e8rent un service \u00e0 North Bay, West Ferris et Widdifield. L&#8217;\u00e9cole a \u00e9t\u00e9 construite en 1963, fut g\u00e9r\u00e9e par l&#8217;Association jusqu&#8217;en 1969, date, \u00e0 laquelle le conseil scolaire du Nipissing en a assum\u00e9 la responsabilit\u00e9.<\/p>\n<p style=\"text-align: justify\">Le deuxi\u00e8me projet fut la construction d&#8217;un centre de formation professionnelle pour adultes handicap\u00e9s. Le centre a ouvert ses portes en mai 1969. Depuis son ouverture, le personnel de l&#8217;Association a augment\u00e9 de deux (2) \u00e0 deux cent soixante-quatorze (274) employ\u00e9s et fournit une vari\u00e9t\u00e9 de services \u00e0 la population de North Bay et les environs.<\/p>\n<p style=\"text-align: justify\">En 2008, l\u2019Association pour l\u2019int\u00e9gration communautaire de North Bay et du district a chang\u00e9 son nom \u00e0 Int\u00e9gration communautaire North Bay.<\/p>\n<p style=\"text-align: justify\">Int\u00e9gration communautaire North Bay est enregistr\u00e9e comme organisme \u00e0 but non lucratif. L&#8217;association est constitu\u00e9e en vertu de la Loi sur les organisations sans but lucratif de la province de l&#8217;Ontario.<\/p>\n","protected":false},"excerpt":{"rendered":"<p>Au d\u00e9but des ann\u00e9es 1950, un groupe de parents, qui partageait une vision d&#8217;une meilleure qualit\u00e9 de vie pour leurs enfants avec une d\u00e9ficience intellectuelle, se r\u00e9unissait pour discuter de la fa\u00e7on dont ce r\u00eave<\/p>\n","protected":false},"author":1,"featured_media":0,"parent":0,"menu_order":5,"comment_status":"open","ping_status":"open","template":"","meta":{"_acf_changed":false,"footnotes":""},"class_list":["post-5988","page","type-page","status-publish","hentry"],"acf":[],"yoast_head":"<!-- This site is optimized with the Yoast SEO plugin v27.4 - https:\/\/yoast.com\/product\/yoast-seo-wordpress\/ -->\n<title>Qui sommes-nous - l\u2019Int\u00e9gration communautaire North Bay<\/title>\n<meta name=\"robots\" content=\"index, follow, max-snippet:-1, max-image-preview:large, max-video-preview:-1\" \/>\n<link rel=\"canonical\" href=\"https:\/\/communitylivingnorthbay.org\/fr\/qui-sommes-nous\/\" \/>\n<meta property=\"og:locale\" content=\"en_US\" \/>\n<meta property=\"og:type\" content=\"article\" \/>\n<meta property=\"og:title\" content=\"Qui sommes-nous - l\u2019Int\u00e9gration communautaire North Bay\" \/>\n<meta property=\"og:description\" content=\"Au d\u00e9but des ann\u00e9es 1950, un groupe de parents, qui partageait une vision d&#8217;une meilleure qualit\u00e9 de vie pour leurs enfants avec une d\u00e9ficience intellectuelle, se r\u00e9unissait pour discuter de la fa\u00e7on dont ce r\u00eave\" \/>\n<meta property=\"og:url\" content=\"https:\/\/communitylivingnorthbay.org\/fr\/qui-sommes-nous\/\" \/>\n<meta property=\"og:site_name\" content=\"l\u2019Int\u00e9gration communautaire North Bay\" \/>\n<meta property=\"article:publisher\" content=\"https:\/\/www.facebook.com\/CLNorthBay\/\" \/>\n<meta property=\"article:modified_time\" content=\"2019-10-17T13:21:03+00:00\" \/>\n<meta name=\"twitter:card\" content=\"summary_large_image\" \/>\n<meta name=\"twitter:site\" content=\"@CLNorthBay\" \/>\n<meta name=\"twitter:label1\" content=\"Est. reading time\" \/>\n\t<meta name=\"twitter:data1\" content=\"2 minutes\" \/>\n<script type=\"application\/ld+json\" class=\"yoast-schema-graph\">{\"@context\":\"https:\\\/\\\/schema.org\",\"@graph\":[{\"@type\":\"WebPage\",\"@id\":\"https:\\\/\\\/communitylivingnorthbay.org\\\/fr\\\/qui-sommes-nous\\\/\",\"url\":\"https:\\\/\\\/communitylivingnorthbay.org\\\/fr\\\/qui-sommes-nous\\\/\",\"name\":\"Qui sommes-nous - l\u2019Int\u00e9gration communautaire North Bay\",\"isPartOf\":{\"@id\":\"https:\\\/\\\/communitylivingnorthbay.org\\\/fr\\\/#website\"},\"datePublished\":\"2015-03-27T20:09:08+00:00\",\"dateModified\":\"2019-10-17T13:21:03+00:00\",\"breadcrumb\":{\"@id\":\"https:\\\/\\\/communitylivingnorthbay.org\\\/fr\\\/qui-sommes-nous\\\/#breadcrumb\"},\"inLanguage\":\"en-CA\",\"potentialAction\":[{\"@type\":\"ReadAction\",\"target\":[\"https:\\\/\\\/communitylivingnorthbay.org\\\/fr\\\/qui-sommes-nous\\\/\"]}]},{\"@type\":\"BreadcrumbList\",\"@id\":\"https:\\\/\\\/communitylivingnorthbay.org\\\/fr\\\/qui-sommes-nous\\\/#breadcrumb\",\"itemListElement\":[{\"@type\":\"ListItem\",\"position\":1,\"name\":\"Home\",\"item\":\"https:\\\/\\\/communitylivingnorthbay.org\\\/fr\\\/\"},{\"@type\":\"ListItem\",\"position\":2,\"name\":\"Qui sommes-nous\"}]},{\"@type\":\"WebSite\",\"@id\":\"https:\\\/\\\/communitylivingnorthbay.org\\\/fr\\\/#website\",\"url\":\"https:\\\/\\\/communitylivingnorthbay.org\\\/fr\\\/\",\"name\":\"l\u2019Int\u00e9gration communautaire North Bay\",\"description\":\"Nous offrons une gamme de programmes et de services aux personnes ayant une d\u00e9ficience intellectuelle et \u00e0 leurs familles.\",\"potentialAction\":[{\"@type\":\"SearchAction\",\"target\":{\"@type\":\"EntryPoint\",\"urlTemplate\":\"https:\\\/\\\/communitylivingnorthbay.org\\\/fr\\\/?s={search_term_string}\"},\"query-input\":{\"@type\":\"PropertyValueSpecification\",\"valueRequired\":true,\"valueName\":\"search_term_string\"}}],\"inLanguage\":\"en-CA\"}]}<\/script>\n<!-- \/ Yoast SEO plugin. -->","yoast_head_json":{"title":"Qui sommes-nous - l\u2019Int\u00e9gration communautaire North Bay","robots":{"index":"index","follow":"follow","max-snippet":"max-snippet:-1","max-image-preview":"max-image-preview:large","max-video-preview":"max-video-preview:-1"},"canonical":"https:\/\/communitylivingnorthbay.org\/fr\/qui-sommes-nous\/","og_locale":"en_US","og_type":"article","og_title":"Qui sommes-nous - l\u2019Int\u00e9gration communautaire North Bay","og_description":"Au d\u00e9but des ann\u00e9es 1950, un groupe de parents, qui partageait une vision d&#8217;une meilleure qualit\u00e9 de vie pour leurs enfants avec une d\u00e9ficience intellectuelle, se r\u00e9unissait pour discuter de la fa\u00e7on dont ce r\u00eave","og_url":"https:\/\/communitylivingnorthbay.org\/fr\/qui-sommes-nous\/","og_site_name":"l\u2019Int\u00e9gration communautaire North Bay","article_publisher":"https:\/\/www.facebook.com\/CLNorthBay\/","article_modified_time":"2019-10-17T13:21:03+00:00","twitter_card":"summary_large_image","twitter_site":"@CLNorthBay","twitter_misc":{"Est. reading time":"2 minutes"},"schema":{"@context":"https:\/\/schema.org","@graph":[{"@type":"WebPage","@id":"https:\/\/communitylivingnorthbay.org\/fr\/qui-sommes-nous\/","url":"https:\/\/communitylivingnorthbay.org\/fr\/qui-sommes-nous\/","name":"Qui sommes-nous - l\u2019Int\u00e9gration communautaire North Bay","isPartOf":{"@id":"https:\/\/communitylivingnorthbay.org\/fr\/#website"},"datePublished":"2015-03-27T20:09:08+00:00","dateModified":"2019-10-17T13:21:03+00:00","breadcrumb":{"@id":"https:\/\/communitylivingnorthbay.org\/fr\/qui-sommes-nous\/#breadcrumb"},"inLanguage":"en-CA","potentialAction":[{"@type":"ReadAction","target":["https:\/\/communitylivingnorthbay.org\/fr\/qui-sommes-nous\/"]}]},{"@type":"BreadcrumbList","@id":"https:\/\/communitylivingnorthbay.org\/fr\/qui-sommes-nous\/#breadcrumb","itemListElement":[{"@type":"ListItem","position":1,"name":"Home","item":"https:\/\/communitylivingnorthbay.org\/fr\/"},{"@type":"ListItem","position":2,"name":"Qui sommes-nous"}]},{"@type":"WebSite","@id":"https:\/\/communitylivingnorthbay.org\/fr\/#website","url":"https:\/\/communitylivingnorthbay.org\/fr\/","name":"l\u2019Int\u00e9gration communautaire North Bay","description":"Nous offrons une gamme de programmes et de services aux personnes ayant une d\u00e9ficience intellectuelle et \u00e0 leurs familles.","potentialAction":[{"@type":"SearchAction","target":{"@type":"EntryPoint","urlTemplate":"https:\/\/communitylivingnorthbay.org\/fr\/?s={search_term_string}"},"query-input":{"@type":"PropertyValueSpecification","valueRequired":true,"valueName":"search_term_string"}}],"inLanguage":"en-CA"}]}},"_links":{"self":[{"href":"https:\/\/communitylivingnorthbay.org\/fr\/wp-json\/wp\/v2\/pages\/5988","targetHints":{"allow":["GET"]}}],"collection":[{"href":"https:\/\/communitylivingnorthbay.org\/fr\/wp-json\/wp\/v2\/pages"}],"about":[{"href":"https:\/\/communitylivingnorthbay.org\/fr\/wp-json\/wp\/v2\/types\/page"}],"author":[{"embeddable":true,"href":"https:\/\/communitylivingnorthbay.org\/fr\/wp-json\/wp\/v2\/users\/1"}],"replies":[{"embeddable":true,"href":"https:\/\/communitylivingnorthbay.org\/fr\/wp-json\/wp\/v2\/comments?post=5988"}],"version-history":[{"count":3,"href":"https:\/\/communitylivingnorthbay.org\/fr\/wp-json\/wp\/v2\/pages\/5988\/revisions"}],"predecessor-version":[{"id":6451,"href":"https:\/\/communitylivingnorthbay.org\/fr\/wp-json\/wp\/v2\/pages\/5988\/revisions\/6451"}],"wp:attachment":[{"href":"https:\/\/communitylivingnorthbay.org\/fr\/wp-json\/wp\/v2\/media?parent=5988"}],"curies":[{"name":"wp","href":"https:\/\/api.w.org\/{rel}","templated":true}]}}