{"id":5974,"date":"2015-03-27T11:03:47","date_gmt":"2015-03-27T15:03:47","guid":{"rendered":"http:\/\/dev.communitylivingnorthbay.org\/?page_id=11"},"modified":"2019-10-18T10:17:03","modified_gmt":"2019-10-18T14:17:03","slug":"site-map","status":"publish","type":"page","link":"https:\/\/communitylivingnorthbay.org\/fr\/site-map\/","title":{"rendered":"Site Map"},"content":{"rendered":"<div class=\"wsp-container\"><h2 class=\"wsp-pages-title\">Pages<\/h2>\n<ul class=\"wsp-pages-list\">\n<li class=\"page_item page-item-6568\"><a href=\"https:\/\/communitylivingnorthbay.org\/fr\/6568-2\/\">#6568 (no title)<\/a><\/li>\n<li class=\"page_item page-item-5544\"><a href=\"https:\/\/communitylivingnorthbay.org\/fr\/001-home-test\/\">001 &#8211; Home Test<\/a><\/li>\n<li class=\"page_item page-item-6580\"><a href=\"https:\/\/communitylivingnorthbay.org\/fr\/accessibilite\/\">Accessibilit\u00e9<\/a><\/li>\n<li class=\"page_item page-item-767\"><a href=\"https:\/\/communitylivingnorthbay.org\/fr\/assemblee-generale-annuelle\/\">Assembl\u00e9e g\u00e9n\u00e9rale annuelle<\/a><\/li>\n<li class=\"page_item page-item-2267\"><a href=\"https:\/\/communitylivingnorthbay.org\/fr\/become-a-board-member\/\">Become a Board Member<\/a><\/li>\n<li class=\"page_item page-item-4\"><a href=\"https:\/\/communitylivingnorthbay.org\/fr\/\">Bienvenue \u00e0 l\u2019Int\u00e9gration communautaire North Bay.<\/a><\/li>\n<li class=\"page_item page-item-5388\"><a href=\"https:\/\/communitylivingnorthbay.org\/fr\/board-2017\/\">Board &#8211; 2017<\/a><\/li>\n<li class=\"page_item page-item-4602\"><a href=\"https:\/\/communitylivingnorthbay.org\/fr\/equality\/\">Capacity Building Campaign<\/a><\/li>\n<li class=\"page_item page-item-3862\"><a href=\"https:\/\/communitylivingnorthbay.org\/fr\/centralization-update-2017-2018\/\">Centralization Update 2017-2018<\/a><\/li>\n<li class=\"page_item page-item-2907\"><a href=\"https:\/\/communitylivingnorthbay.org\/fr\/contact-the-employment-services-team\/\">Contact the Employment Services Team<\/a><\/li>\n<li class=\"page_item page-item-523\"><a href=\"https:\/\/communitylivingnorthbay.org\/fr\/contact-us-revised\/\">Contact Us &#8211; Revised<\/a><\/li>\n<li class=\"page_item page-item-6595\"><a href=\"https:\/\/communitylivingnorthbay.org\/fr\/covid-19\/\">COVID-19<\/a><\/li>\n<li class=\"page_item page-item-1931\"><a href=\"https:\/\/communitylivingnorthbay.org\/fr\/direct-support-workers-newsletter\/\">Direct Support Workers Newsletter<\/a><\/li>\n<li class=\"page_item page-item-6210\"><a href=\"https:\/\/communitylivingnorthbay.org\/fr\/emplois-disponibles\/\">Emplois Disponibles<\/a><\/li>\n<li class=\"page_item page-item-2910\"><a href=\"https:\/\/communitylivingnorthbay.org\/fr\/employer-faq\/\">Employer FAQ and Testimonials<\/a><\/li>\n<li class=\"page_item page-item-1982\"><a href=\"https:\/\/communitylivingnorthbay.org\/fr\/lettre-de-conformite\/\">Lettre de conformit\u00e9<\/a><\/li>\n<li class=\"page_item page-item-6191\"><a href=\"https:\/\/communitylivingnorthbay.org\/fr\/nous-joindre\/\">Nous joindre<\/a><\/li>\n<li class=\"page_item page-item-875\"><a href=\"https:\/\/communitylivingnorthbay.org\/fr\/staff\/\">Staff<\/a><\/li>\n<li class=\"page_item page-item-5983\"><a href=\"https:\/\/communitylivingnorthbay.org\/fr\/welcome-to-community-living\/\">Welcome To Community Living North Bay!<\/a><\/li>\n<li class=\"page_item page-item-2917\"><a href=\"https:\/\/communitylivingnorthbay.org\/fr\/what-can-employment-services-do-for-your-business\/\">What Can Employment Services Do For Your Business?<\/a><\/li>\n<li class=\"page_item page-item-5986 page_item_has_children\"><a href=\"https:\/\/communitylivingnorthbay.org\/fr\/services\/\">Services<\/a>\n<ul class='children'>\n\t<li class=\"page_item page-item-621\"><a href=\"https:\/\/communitylivingnorthbay.org\/fr\/services\/liens-communautaires\/\">Liens communautaires<\/a><\/li>\n\t<li class=\"page_item page-item-426\"><a href=\"https:\/\/communitylivingnorthbay.org\/fr\/services\/programme-passeport\/\">Programme Passeport (Achat de service)<\/a><\/li>\n\t<li class=\"page_item page-item-355\"><a href=\"https:\/\/communitylivingnorthbay.org\/fr\/services\/quality-assurance\/\">Quality Assurance<\/a><\/li>\n\t<li class=\"page_item page-item-5990\"><a href=\"https:\/\/communitylivingnorthbay.org\/fr\/services\/services-cliniques\/\">Services cliniques<\/a><\/li>\n\t<li class=\"page_item page-item-5991\"><a href=\"https:\/\/communitylivingnorthbay.org\/fr\/services\/community-alternatives\/\">Community Alternatives<\/a><\/li>\n\t<li class=\"page_item page-item-5993\"><a href=\"https:\/\/communitylivingnorthbay.org\/fr\/services\/community-participation\/\">Community Participation Supports<\/a><\/li>\n\t<li class=\"page_item page-item-5994\"><a href=\"https:\/\/communitylivingnorthbay.org\/fr\/services\/services-de-transition-communautaire\/\">Services de transition communautaire<\/a><\/li>\n\t<li class=\"page_item page-item-5995\"><a href=\"https:\/\/communitylivingnorthbay.org\/fr\/services\/bibliotheque-de-litteratie\/\">Biblioth\u00e8que de litt\u00e9ratie Eleanor Broydell<\/a><\/li>\n\t<li class=\"page_item page-item-5996\"><a href=\"https:\/\/communitylivingnorthbay.org\/fr\/services\/services-a-lemploi\/\">Services \u00e0 l&#8217;emploi<\/a><\/li>\n\t<li class=\"page_item page-item-5997\"><a href=\"https:\/\/communitylivingnorthbay.org\/fr\/services\/programme-famille-daccueil\/\">Programme famille d\u2019accueil<\/a><\/li>\n\t<li class=\"page_item page-item-5999\"><a href=\"https:\/\/communitylivingnorthbay.org\/fr\/services\/on-y-va\/\">EarlyON \/ ON y va<\/a><\/li>\n\t<li class=\"page_item page-item-6000\"><a href=\"https:\/\/communitylivingnorthbay.org\/fr\/services\/planning-and-coordination\/\">Planning and Coordination<\/a><\/li>\n\t<li class=\"page_item page-item-62\"><a href=\"https:\/\/communitylivingnorthbay.org\/fr\/services\/options-residentiels\/\">Options r\u00e9sidentiels<\/a><\/li>\n\t<li class=\"page_item page-item-244\"><a href=\"https:\/\/communitylivingnorthbay.org\/fr\/services\/best-buddies\/\">Best Buddies<\/a><\/li>\n\t<li class=\"page_item page-item-6001\"><a href=\"https:\/\/communitylivingnorthbay.org\/fr\/services\/programme-dappui-a-linclusion\/\">Programme d&#8217;appui \u00e0 l&#8217;inclusion<\/a><\/li>\n\t<li class=\"page_item page-item-6002\"><a href=\"https:\/\/communitylivingnorthbay.org\/fr\/services\/services-de-releve\/\">Services de rel\u00e8ve<\/a><\/li>\n\t<li class=\"page_item page-item-6003\"><a href=\"https:\/\/communitylivingnorthbay.org\/fr\/services\/programme-de-bonne-nutrition-des-eleves\/\">Programme de bonne nutrition des \u00e9l\u00e8ves<\/a><\/li>\n\t<li class=\"page_item page-item-6004\"><a href=\"https:\/\/communitylivingnorthbay.org\/fr\/services\/north-bay-advocacy-council\/\">Le comit\u00e9 des auto-intervenants<\/a><\/li>\n\t<li class=\"page_item page-item-72\"><a href=\"https:\/\/communitylivingnorthbay.org\/fr\/services\/special-education-advisory-committee\/\">Special Education Advisory Committee<\/a><\/li>\n<\/ul>\n<\/li>\n<li class=\"page_item page-item-5985 page_item_has_children\"><a href=\"https:\/\/communitylivingnorthbay.org\/fr\/faire-une-difference\/\">Faire une diff\u00e8rence<\/a>\n<ul class='children'>\n\t<li class=\"page_item page-item-74\"><a href=\"https:\/\/communitylivingnorthbay.org\/fr\/faire-une-difference\/devenir-membre\/\">Devenir membre<\/a><\/li>\n\t<li class=\"page_item page-item-76\"><a href=\"https:\/\/communitylivingnorthbay.org\/fr\/faire-une-difference\/faites-un-don\/\">Faites un don<\/a><\/li>\n\t<li class=\"page_item page-item-78\"><a href=\"https:\/\/communitylivingnorthbay.org\/fr\/faire-une-difference\/nos-benevoles\/\">Nos b\u00e9n\u00e9voles<\/a><\/li>\n\t<li class=\"page_item page-item-80\"><a href=\"https:\/\/communitylivingnorthbay.org\/fr\/faire-une-difference\/besoin-immediat-programme-famille-daccueil\/\">Besoin Imm\u00e9diat &#8211; Programme Famille d&#8217;Accueil<\/a><\/li>\n<\/ul>\n<\/li>\n<li class=\"page_item page-item-86\"><a href=\"https:\/\/communitylivingnorthbay.org\/fr\/ressources\/\">Ressources<\/a><\/li>\n<li class=\"page_item page-item-5987 page_item_has_children\"><a href=\"https:\/\/communitylivingnorthbay.org\/fr\/nouvelles-et-evenements\/\">Nouvelles et \u00e9v\u00e9nements<\/a>\n<ul class='children'>\n\t<li class=\"page_item page-item-6121\"><a href=\"https:\/\/communitylivingnorthbay.org\/fr\/nouvelles-et-evenements\/calendrier-des-evenements\/\">Calendrier des \u00e9v\u00e9nements<\/a><\/li>\n\t<li class=\"page_item page-item-294\"><a href=\"https:\/\/communitylivingnorthbay.org\/fr\/nouvelles-et-evenements\/circulaires\/\">Circulaires<\/a><\/li>\n\t<li class=\"page_item page-item-870\"><a href=\"https:\/\/communitylivingnorthbay.org\/fr\/nouvelles-et-evenements\/community-links-calendar\/\">Community Links Calendar<\/a><\/li>\n\t<li class=\"page_item page-item-865\"><a href=\"https:\/\/communitylivingnorthbay.org\/fr\/nouvelles-et-evenements\/community-living-north-bay-calendar-of-events\/\">Community Living North Bay Calendar<\/a><\/li>\n\t<li class=\"page_item page-item-868\"><a href=\"https:\/\/communitylivingnorthbay.org\/fr\/nouvelles-et-evenements\/early-years-centre-calendar\/\">Early Years Centre Calendar<\/a><\/li>\n\t<li class=\"page_item page-item-899\"><a href=\"https:\/\/communitylivingnorthbay.org\/fr\/nouvelles-et-evenements\/eventments\/\">Evenements<\/a><\/li>\n\t<li class=\"page_item page-item-6593\"><a href=\"https:\/\/communitylivingnorthbay.org\/fr\/nouvelles-et-evenements\/nouvelles\/\">Nouvelles<\/a><\/li>\n<\/ul>\n<\/li>\n<li class=\"page_item page-item-5988 page_item_has_children\"><a href=\"https:\/\/communitylivingnorthbay.org\/fr\/qui-sommes-nous\/\">Qui sommes-nous<\/a>\n<ul class='children'>\n\t<li class=\"page_item page-item-6130\"><a href=\"https:\/\/communitylivingnorthbay.org\/fr\/qui-sommes-nous\/historique\/\">Historique<\/a><\/li>\n\t<li class=\"page_item page-item-88\"><a href=\"https:\/\/communitylivingnorthbay.org\/fr\/qui-sommes-nous\/staff\/\">Staff<\/a><\/li>\n\t<li class=\"page_item page-item-92\"><a href=\"https:\/\/communitylivingnorthbay.org\/fr\/qui-sommes-nous\/le-conseil-dadministration\/\">Le conseil d&#8217;administration<\/a><\/li>\n\t<li class=\"page_item page-item-94\"><a href=\"https:\/\/communitylivingnorthbay.org\/fr\/qui-sommes-nous\/our-stories\/\">Our Stories<\/a><\/li>\n\t<li class=\"page_item page-item-96\"><a href=\"https:\/\/communitylivingnorthbay.org\/fr\/qui-sommes-nous\/our-chronology\/\">Our History<\/a><\/li>\n\t<li class=\"page_item page-item-98\"><a href=\"https:\/\/communitylivingnorthbay.org\/fr\/qui-sommes-nous\/nos-valeurs-et-nos-principes-directeurs\/\">Nos valeurs et nos principes directeurs<\/a><\/li>\n\t<li class=\"page_item page-item-100\"><a href=\"https:\/\/communitylivingnorthbay.org\/fr\/qui-sommes-nous\/secteur-parapublic\/\">Responsabilisation du secteur parapublic<\/a><\/li>\n<\/ul>\n<\/li>\n<li class=\"page_item page-item-5989 page_item_has_children\"><a href=\"https:\/\/communitylivingnorthbay.org\/fr\/contact-us\/\">Contact Us<\/a>\n<ul class='children'>\n\t<li class=\"page_item page-item-82\"><a href=\"https:\/\/communitylivingnorthbay.org\/fr\/contact-us\/contact-your-mp-mpp\/\">Contact your MP-MPP<\/a><\/li>\n\t<li class=\"page_item page-item-84\"><a href=\"https:\/\/communitylivingnorthbay.org\/fr\/contact-us\/our-partners\/\">Our Partners<\/a><\/li>\n<\/ul>\n<\/li>\n<li class=\"page_item page-item-408\"><a href=\"https:\/\/communitylivingnorthbay.org\/fr\/events\/\">Events<\/a><\/li>\n<li class=\"page_item page-item-5974\"><a href=\"https:\/\/communitylivingnorthbay.org\/fr\/site-map\/\">Site Map<\/a><\/li>\n<li class=\"page_item page-item-5984\"><a href=\"https:\/\/communitylivingnorthbay.org\/fr\/privacy-policy\/\">Privacy Policy<\/a><\/li>\n<\/ul>\n<h2 class=\"wsp-wpa-stats-types-title\">Stats Types<\/h2>\n<ul class=\"wsp-wpa-stats-types-list\">\n<li><a href=\"https:\/\/communitylivingnorthbay.org\/fr\/wpa-stats-type\/android\/\">Android<\/a><\/li>\n<li><a href=\"https:\/\/communitylivingnorthbay.org\/fr\/wpa-stats-type\/chrome\/\">Chrome<\/a><\/li>\n<li><a href=\"https:\/\/communitylivingnorthbay.org\/fr\/wpa-stats-type\/linux\/\">Linux<\/a><\/li>\n<li><a href=\"https:\/\/communitylivingnorthbay.org\/fr\/wpa-stats-type\/macintosh\/\">Macintosh<\/a><\/li>\n<li><a href=\"https:\/\/communitylivingnorthbay.org\/fr\/wpa-stats-type\/safari\/\">Safari<\/a><\/li>\n<li><a href=\"https:\/\/communitylivingnorthbay.org\/fr\/wpa-stats-type\/unknown\/\">unknown<\/a><\/li>\n<li><a href=\"https:\/\/communitylivingnorthbay.org\/fr\/wpa-stats-type\/view\/\">view<\/a><\/li>\n<li><a href=\"https:\/\/communitylivingnorthbay.org\/fr\/wpa-stats-type\/windows\/\">Windows<\/a><\/li>\n<\/ul>\n<\/div>\n","protected":false},"excerpt":{"rendered":"","protected":false},"author":1,"featured_media":0,"parent":0,"menu_order":12,"comment_status":"open","ping_status":"open","template":"","meta":{"_acf_changed":false,"footnotes":""},"class_list":["post-5974","page","type-page","status-publish","hentry"],"acf":[],"yoast_head":"<!-- This site is optimized with the Yoast SEO plugin v27.5 - https:\/\/yoast.com\/product\/yoast-seo-wordpress\/ -->\n<title>Site Map - l\u2019Int\u00e9gration communautaire North Bay<\/title>\n<meta name=\"robots\" content=\"index, follow, max-snippet:-1, max-image-preview:large, max-video-preview:-1\" \/>\n<link rel=\"canonical\" href=\"https:\/\/communitylivingnorthbay.org\/fr\/site-map\/\" \/>\n<meta property=\"og:locale\" content=\"en_US\" \/>\n<meta property=\"og:type\" content=\"article\" \/>\n<meta property=\"og:title\" content=\"Site Map - l\u2019Int\u00e9gration communautaire North Bay\" \/>\n<meta property=\"og:url\" content=\"https:\/\/communitylivingnorthbay.org\/fr\/site-map\/\" \/>\n<meta property=\"og:site_name\" content=\"l\u2019Int\u00e9gration communautaire North Bay\" \/>\n<meta property=\"article:publisher\" content=\"https:\/\/www.facebook.com\/CLNorthBay\/\" \/>\n<meta property=\"article:modified_time\" content=\"2019-10-18T14:17:03+00:00\" \/>\n<meta name=\"twitter:card\" content=\"summary_large_image\" \/>\n<meta name=\"twitter:site\" content=\"@CLNorthBay\" \/>\n<script type=\"application\/ld+json\" class=\"yoast-schema-graph\">{\"@context\":\"https:\\\/\\\/schema.org\",\"@graph\":[{\"@type\":\"WebPage\",\"@id\":\"https:\\\/\\\/communitylivingnorthbay.org\\\/fr\\\/site-map\\\/\",\"url\":\"https:\\\/\\\/communitylivingnorthbay.org\\\/fr\\\/site-map\\\/\",\"name\":\"Site Map - l\u2019Int\u00e9gration communautaire North Bay\",\"isPartOf\":{\"@id\":\"https:\\\/\\\/communitylivingnorthbay.org\\\/fr\\\/#website\"},\"datePublished\":\"2015-03-27T15:03:47+00:00\",\"dateModified\":\"2019-10-18T14:17:03+00:00\",\"breadcrumb\":{\"@id\":\"https:\\\/\\\/communitylivingnorthbay.org\\\/fr\\\/site-map\\\/#breadcrumb\"},\"inLanguage\":\"en-CA\",\"potentialAction\":[{\"@type\":\"ReadAction\",\"target\":[\"https:\\\/\\\/communitylivingnorthbay.org\\\/fr\\\/site-map\\\/\"]}]},{\"@type\":\"BreadcrumbList\",\"@id\":\"https:\\\/\\\/communitylivingnorthbay.org\\\/fr\\\/site-map\\\/#breadcrumb\",\"itemListElement\":[{\"@type\":\"ListItem\",\"position\":1,\"name\":\"Home\",\"item\":\"https:\\\/\\\/communitylivingnorthbay.org\\\/fr\\\/\"},{\"@type\":\"ListItem\",\"position\":2,\"name\":\"Site Map\"}]},{\"@type\":\"WebSite\",\"@id\":\"https:\\\/\\\/communitylivingnorthbay.org\\\/fr\\\/#website\",\"url\":\"https:\\\/\\\/communitylivingnorthbay.org\\\/fr\\\/\",\"name\":\"l\u2019Int\u00e9gration communautaire North Bay\",\"description\":\"Nous offrons une gamme de programmes et de services aux personnes ayant une d\u00e9ficience intellectuelle et \u00e0 leurs familles.\",\"potentialAction\":[{\"@type\":\"SearchAction\",\"target\":{\"@type\":\"EntryPoint\",\"urlTemplate\":\"https:\\\/\\\/communitylivingnorthbay.org\\\/fr\\\/?s={search_term_string}\"},\"query-input\":{\"@type\":\"PropertyValueSpecification\",\"valueRequired\":true,\"valueName\":\"search_term_string\"}}],\"inLanguage\":\"en-CA\"}]}<\/script>\n<!-- \/ Yoast SEO plugin. -->","yoast_head_json":{"title":"Site Map - l\u2019Int\u00e9gration communautaire North Bay","robots":{"index":"index","follow":"follow","max-snippet":"max-snippet:-1","max-image-preview":"max-image-preview:large","max-video-preview":"max-video-preview:-1"},"canonical":"https:\/\/communitylivingnorthbay.org\/fr\/site-map\/","og_locale":"en_US","og_type":"article","og_title":"Site Map - l\u2019Int\u00e9gration communautaire North Bay","og_url":"https:\/\/communitylivingnorthbay.org\/fr\/site-map\/","og_site_name":"l\u2019Int\u00e9gration communautaire North Bay","article_publisher":"https:\/\/www.facebook.com\/CLNorthBay\/","article_modified_time":"2019-10-18T14:17:03+00:00","twitter_card":"summary_large_image","twitter_site":"@CLNorthBay","schema":{"@context":"https:\/\/schema.org","@graph":[{"@type":"WebPage","@id":"https:\/\/communitylivingnorthbay.org\/fr\/site-map\/","url":"https:\/\/communitylivingnorthbay.org\/fr\/site-map\/","name":"Site Map - l\u2019Int\u00e9gration communautaire North Bay","isPartOf":{"@id":"https:\/\/communitylivingnorthbay.org\/fr\/#website"},"datePublished":"2015-03-27T15:03:47+00:00","dateModified":"2019-10-18T14:17:03+00:00","breadcrumb":{"@id":"https:\/\/communitylivingnorthbay.org\/fr\/site-map\/#breadcrumb"},"inLanguage":"en-CA","potentialAction":[{"@type":"ReadAction","target":["https:\/\/communitylivingnorthbay.org\/fr\/site-map\/"]}]},{"@type":"BreadcrumbList","@id":"https:\/\/communitylivingnorthbay.org\/fr\/site-map\/#breadcrumb","itemListElement":[{"@type":"ListItem","position":1,"name":"Home","item":"https:\/\/communitylivingnorthbay.org\/fr\/"},{"@type":"ListItem","position":2,"name":"Site Map"}]},{"@type":"WebSite","@id":"https:\/\/communitylivingnorthbay.org\/fr\/#website","url":"https:\/\/communitylivingnorthbay.org\/fr\/","name":"l\u2019Int\u00e9gration communautaire North Bay","description":"Nous offrons une gamme de programmes et de services aux personnes ayant une d\u00e9ficience intellectuelle et \u00e0 leurs familles.","potentialAction":[{"@type":"SearchAction","target":{"@type":"EntryPoint","urlTemplate":"https:\/\/communitylivingnorthbay.org\/fr\/?s={search_term_string}"},"query-input":{"@type":"PropertyValueSpecification","valueRequired":true,"valueName":"search_term_string"}}],"inLanguage":"en-CA"}]}},"_links":{"self":[{"href":"https:\/\/communitylivingnorthbay.org\/fr\/wp-json\/wp\/v2\/pages\/5974","targetHints":{"allow":["GET"]}}],"collection":[{"href":"https:\/\/communitylivingnorthbay.org\/fr\/wp-json\/wp\/v2\/pages"}],"about":[{"href":"https:\/\/communitylivingnorthbay.org\/fr\/wp-json\/wp\/v2\/types\/page"}],"author":[{"embeddable":true,"href":"https:\/\/communitylivingnorthbay.org\/fr\/wp-json\/wp\/v2\/users\/1"}],"replies":[{"embeddable":true,"href":"https:\/\/communitylivingnorthbay.org\/fr\/wp-json\/wp\/v2\/comments?post=5974"}],"version-history":[{"count":1,"href":"https:\/\/communitylivingnorthbay.org\/fr\/wp-json\/wp\/v2\/pages\/5974\/revisions"}],"predecessor-version":[{"id":6466,"href":"https:\/\/communitylivingnorthbay.org\/fr\/wp-json\/wp\/v2\/pages\/5974\/revisions\/6466"}],"wp:attachment":[{"href":"https:\/\/communitylivingnorthbay.org\/fr\/wp-json\/wp\/v2\/media?parent=5974"}],"curies":[{"name":"wp","href":"https:\/\/api.w.org\/{rel}","templated":true}]}}